{"id":1303,"date":"2024-12-02T08:05:55","date_gmt":"2024-12-02T08:05:55","guid":{"rendered":"https:\/\/stamm-eisvogel-heljens.de\/?page_id=1303"},"modified":"2024-12-02T08:05:55","modified_gmt":"2024-12-02T08:05:55","slug":"termine-2025","status":"publish","type":"page","link":"http:\/\/stamm-eisvogel-heljens.de\/?page_id=1303","title":{"rendered":"Termine 2025"},"content":{"rendered":"<p>Hallo,<\/p>\n<p>hier nun die bisher bekannten Termine f\u00fcr 2025 (Termine f\u00fcr Sippenfahrten kommen noch dazu).<\/p>\n<p><a href=\"http:\/\/stamm-eisvogel-heljens.de\/wp-content\/uploads\/2020\/09\/Packliste-Eisvogel-Gildenfahrt-und-Touren.pdf\">Packliste f\u00fcr Fahrten<\/a> \u00a0 \u00a0<a href=\"http:\/\/stamm-eisvogel-heljens.de\/wp-content\/uploads\/2019\/09\/Packliste-Eisvogel.pdf\"> Packliste f\u00fcr Lager<\/a><\/p>\n<p><a href=\"http:\/\/stamm-eisvogel-heljens.de\/wp-content\/uploads\/2024\/12\/Einverstaendniserklaerung-und-Gesundheitsbogen.pdf\">Einverst\u00e4ndiserkl\u00e4rung\/Gesundheitsbogen\u00a0<\/a><\/p>\n<p>02.01 bis 05.01.2025\u00a0 \u00a0 \u00a0 \u00a0 \u00a0 \u00a0 \u00a0 Gildenfahrt (alle Pfadfinder) nach Immenhausen<\/p>\n<p>18.01.2025\u00a0 \u00a0 \u00a0 \u00a0 \u00a0 \u00a0 \u00a0 \u00a0 \u00a0 \u00a0 \u00a0 \u00a0 \u00a0 \u00a0 Sofa-Hajk der Sippen Asgard und Orion<\/p>\n<p>26.04. bis 27.04.2025\u00a0 \u00a0 \u00a0 \u00a0 \u00a0 \u00a0 \u00a0Stammes-Osterlager in Heiligenhaus<\/p>\n<p>06.06. bis 10.06.2025\u00a0 \u00a0 \u00a0 \u00a0 \u00a0 \u00a0 \u00a0Landespfingstlager mit Anschlussfahrt der Sippen<\/p>\n<p>12.07. bis 18.07.2025\u00a0 \u00a0 \u00a0 \u00a0 \u00a0 \u00a0 \u00a0Stammes-Sommerlager<br \/>\n07.08. bis 23.08.2025\u00a0 \u00a0 \u00a0 \u00a0 \u00a0 \u00a0 \u00a0Gro\u00dffahrten der Pfadis (Asgard nach Schottland\/Orion nach<br \/>\nNorwegen\/Schweden)<\/p>\n<p>25.10. bis 26.10.2025\u00a0 \u00a0 \u00a0 \u00a0 \u00a0 \u00a0 \u00a0Stammes-Herbstlager Heiligenhaus<br \/>\n14.11. bis 16.11.2025\u00a0 \u00a0 \u00a0 \u00a0 \u00a0 \u00a0 \u00a0Stammesratsfahrt Immenhausen<\/p>\n<p>Bei Fragen stehen euch die Sippen- und Meutenf\u00fchrung gerne zur Verf\u00fcgung!<br \/>\nGut Pfad<br \/>\nEure Stammesf\u00fchrung<\/p>\n","protected":false},"excerpt":{"rendered":"<p>Hallo, hier nun die bisher bekannten Termine f\u00fcr 2025 (Termine f\u00fcr Sippenfahrten kommen noch dazu). Packliste f\u00fcr Fahrten \u00a0 \u00a0 Packliste f\u00fcr Lager Einverst\u00e4ndiserkl\u00e4rung\/Gesundheitsbogen\u00a0 02.01 bis 05.01.2025\u00a0 \u00a0 \u00a0 \u00a0 \u00a0 \u00a0 \u00a0 Gildenfahrt (alle Pfadfinder) nach Immenhausen 18.01.2025\u00a0 \u00a0 \u00a0 \u00a0 \u00a0 \u00a0 \u00a0 \u00a0 \u00a0 \u00a0 \u00a0 \u00a0 \u00a0 \u00a0 Sofa-Hajk der Sippen [&hellip;]<\/p>\n","protected":false},"author":1,"featured_media":778,"parent":0,"menu_order":0,"comment_status":"closed","ping_status":"closed","template":"","meta":{"footnotes":""},"class_list":["post-1303","page","type-page","status-publish","has-post-thumbnail","hentry"],"_links":{"self":[{"href":"http:\/\/stamm-eisvogel-heljens.de\/index.php?rest_route=\/wp\/v2\/pages\/1303","targetHints":{"allow":["GET"]}}],"collection":[{"href":"http:\/\/stamm-eisvogel-heljens.de\/index.php?rest_route=\/wp\/v2\/pages"}],"about":[{"href":"http:\/\/stamm-eisvogel-heljens.de\/index.php?rest_route=\/wp\/v2\/types\/page"}],"author":[{"embeddable":true,"href":"http:\/\/stamm-eisvogel-heljens.de\/index.php?rest_route=\/wp\/v2\/users\/1"}],"replies":[{"embeddable":true,"href":"http:\/\/stamm-eisvogel-heljens.de\/index.php?rest_route=%2Fwp%2Fv2%2Fcomments&post=1303"}],"version-history":[{"count":1,"href":"http:\/\/stamm-eisvogel-heljens.de\/index.php?rest_route=\/wp\/v2\/pages\/1303\/revisions"}],"predecessor-version":[{"id":1309,"href":"http:\/\/stamm-eisvogel-heljens.de\/index.php?rest_route=\/wp\/v2\/pages\/1303\/revisions\/1309"}],"wp:featuredmedia":[{"embeddable":true,"href":"http:\/\/stamm-eisvogel-heljens.de\/index.php?rest_route=\/wp\/v2\/media\/778"}],"wp:attachment":[{"href":"http:\/\/stamm-eisvogel-heljens.de\/index.php?rest_route=%2Fwp%2Fv2%2Fmedia&parent=1303"}],"curies":[{"name":"wp","href":"https:\/\/api.w.org\/{rel}","templated":true}]}}