{"id":1135,"date":"2022-12-11T10:41:28","date_gmt":"2022-12-11T10:41:28","guid":{"rendered":"http:\/\/stamm-eisvogel-heljens.de\/?page_id=1135"},"modified":"2023-09-15T08:13:08","modified_gmt":"2023-09-15T08:13:08","slug":"termine-2023","status":"publish","type":"page","link":"https:\/\/stamm-eisvogel-heljens.de\/?page_id=1135","title":{"rendered":"Termine 2023"},"content":{"rendered":"<p>Hallo,<\/p>\n<p>hier nun die bisher bekannten Termine f\u00fcr 2023 (Termine f\u00fcr Sippenfahrten kommen noch dazu).<\/p>\n<p><a href=\"http:\/\/stamm-eisvogel-heljens.de\/wp-content\/uploads\/2020\/09\/Packliste-Eisvogel-Gildenfahrt-und-Touren.pdf\">Packliste f\u00fcr Fahrten<\/a> \u00a0 \u00a0<a href=\"http:\/\/stamm-eisvogel-heljens.de\/wp-content\/uploads\/2019\/09\/Packliste-Eisvogel.pdf\"> Packliste f\u00fcr Lager<\/a><\/p>\n<p><a href=\"http:\/\/stamm-eisvogel-heljens.de\/wp-content\/uploads\/2022\/12\/Einverstaendniserklaerung-und-Gesundheitsbogen-2023.pdf\">Einverst\u00e4ndiserkl\u00e4rung\/Gesundheitsbogen 2023<\/a><\/p>\n<p>03.01.2023 bis 05.01.2023\u00a0 \u00a0 \u00a0 Winterfahrt der Pfadfindersippen nach Solingen<br \/>\n07.02.2023, 14.00-18.00 Uhr \u00a0 Stammestag mit Stammesf\u00fchrungs- und Landesdelegiertenwahlen<\/p>\n<p>15.04.2023 bis 16.04.2023\u00a0 \u00a0 \u00a0 <a href=\"http:\/\/stamm-eisvogel-heljens.de\/?p=1227\">&#8222;Osterlager&#8220; mit &#8222;Tag des offenen Zeltes&#8220;<\/a><\/p>\n<p>26.05.2023 bis 30.05.2023\u00a0 \u00a0 \u00a0 <a href=\"http:\/\/stamm-eisvogel-heljens.de\/?p=1233\">Landespfingstlager mit Gildenfahrt<\/a><\/p>\n<p>24.06.2023 bis 30.06.2023\u00a0 \u00a0 \u00a0 <a href=\"http:\/\/stamm-eisvogel-heljens.de\/?post_type=event&amp;p=1238&amp;preview=true\">Stammeskanutour auf der Niers<\/a><br \/>\n21.07.2023 bis 04.08.2023\u00a0 \u00a0 \u00a0 Bundesfahrt nach Schweden der Pfadis<\/p>\n<p>14.10.2023 bis 15.10.2023\u00a0 \u00a0 \u00a0 <a href=\"http:\/\/stamm-eisvogel-heljens.de\/?post_type=event&amp;p=1253&amp;preview=true\">Herbstlager Heiligenhaus<\/a><\/p>\n<p>&nbsp;<\/p>\n","protected":false},"excerpt":{"rendered":"<p>Hallo, hier nun die bisher bekannten Termine f\u00fcr 2023 (Termine f\u00fcr Sippenfahrten kommen noch dazu). Packliste f\u00fcr Fahrten \u00a0 \u00a0 Packliste f\u00fcr Lager Einverst\u00e4ndiserkl\u00e4rung\/Gesundheitsbogen 2023 03.01.2023 bis 05.01.2023\u00a0 \u00a0 \u00a0 Winterfahrt der Pfadfindersippen nach Solingen 07.02.2023, 14.00-18.00 Uhr \u00a0 Stammestag mit Stammesf\u00fchrungs- und Landesdelegiertenwahlen 15.04.2023 bis 16.04.2023\u00a0 \u00a0 \u00a0 &#8222;Osterlager&#8220; mit &#8222;Tag des offenen Zeltes&#8220; [&hellip;]<\/p>\n","protected":false},"author":1,"featured_media":0,"parent":0,"menu_order":0,"comment_status":"closed","ping_status":"closed","template":"","meta":{"footnotes":""},"class_list":["post-1135","page","type-page","status-publish","hentry"],"_links":{"self":[{"href":"https:\/\/stamm-eisvogel-heljens.de\/index.php?rest_route=\/wp\/v2\/pages\/1135","targetHints":{"allow":["GET"]}}],"collection":[{"href":"https:\/\/stamm-eisvogel-heljens.de\/index.php?rest_route=\/wp\/v2\/pages"}],"about":[{"href":"https:\/\/stamm-eisvogel-heljens.de\/index.php?rest_route=\/wp\/v2\/types\/page"}],"author":[{"embeddable":true,"href":"https:\/\/stamm-eisvogel-heljens.de\/index.php?rest_route=\/wp\/v2\/users\/1"}],"replies":[{"embeddable":true,"href":"https:\/\/stamm-eisvogel-heljens.de\/index.php?rest_route=%2Fwp%2Fv2%2Fcomments&post=1135"}],"version-history":[{"count":9,"href":"https:\/\/stamm-eisvogel-heljens.de\/index.php?rest_route=\/wp\/v2\/pages\/1135\/revisions"}],"predecessor-version":[{"id":1254,"href":"https:\/\/stamm-eisvogel-heljens.de\/index.php?rest_route=\/wp\/v2\/pages\/1135\/revisions\/1254"}],"wp:attachment":[{"href":"https:\/\/stamm-eisvogel-heljens.de\/index.php?rest_route=%2Fwp%2Fv2%2Fmedia&parent=1135"}],"curies":[{"name":"wp","href":"https:\/\/api.w.org\/{rel}","templated":true}]}}