{"id":1261,"date":"2023-12-27T09:45:41","date_gmt":"2023-12-27T09:45:41","guid":{"rendered":"https:\/\/stamm-eisvogel-heljens.de\/?page_id=1261"},"modified":"2024-09-27T14:08:55","modified_gmt":"2024-09-27T14:08:55","slug":"1261-2","status":"publish","type":"page","link":"https:\/\/stamm-eisvogel-heljens.de\/?page_id=1261","title":{"rendered":"Termine 2024"},"content":{"rendered":"<p>Hallo,<\/p>\n<p>hier nun die bisher bekannten Termine f\u00fcr 2024 (Termine f\u00fcr Sippenfahrten kommen noch dazu).<\/p>\n<p><a href=\"http:\/\/stamm-eisvogel-heljens.de\/wp-content\/uploads\/2020\/09\/Packliste-Eisvogel-Gildenfahrt-und-Touren.pdf\">Packliste f\u00fcr Fahrten<\/a> \u00a0 \u00a0<a href=\"http:\/\/stamm-eisvogel-heljens.de\/wp-content\/uploads\/2019\/09\/Packliste-Eisvogel.pdf\"> Packliste f\u00fcr Lager<\/a><\/p>\n<p><a href=\"http:\/\/stamm-eisvogel-heljens.de\/wp-content\/uploads\/2022\/12\/Einverstaendniserklaerung-und-Gesundheitsbogen-2023.pdf\">Einverst\u00e4ndiserkl\u00e4rung\/Gesundheitsbogen 2024<\/a><\/p>\n<p>05.04.2024 bis 07.04.2024\u00a0 \u00a0 \u00a0 (W\u00f6s ab 06.04) &#8222;Osterlager&#8220;\u00a0 in Dinslaken<\/p>\n<p>17.05.2024 bis 21.05.2024\u00a0 \u00a0 \u00a0 Landespfingstlager mit Anschlussfahrt der Sippen<\/p>\n<p>06.07.2024 bis 12.07.2024\u00a0 \u00a0 \u00a0 Stammessommerlager in Braunshausen<br \/>\n02.08.2024 bis 17.08.2024\u00a0 \u00a0 \u00a0 Gro\u00dffahrt der Pfadis nach Polen<\/p>\n<p>26.10.2024 bis 27.10.2024\u00a0 \u00a0 \u00a0 Herbstlager Heiligenhaus<br \/>\n29.11.2024 bis 01.12.2024\u00a0 \u00a0 \u00a0 Stammesratsfahrt Immenhausen<br \/>\n02.01.2025 bis 05.01.2025\u00a0 \u00a0 \u00a0 Winterfahrt der Pfadfindersippen<\/p>\n<p>Bei Fragen stehen euch die Sippen- und Meutenf\u00fchrung gerne zur Verf\u00fcgung!<br \/>\nGut Pfad<br \/>\nEure Stammesf\u00fchrung<\/p>\n","protected":false},"excerpt":{"rendered":"<p>Hallo, hier nun die bisher bekannten Termine f\u00fcr 2024 (Termine f\u00fcr Sippenfahrten kommen noch dazu). Packliste f\u00fcr Fahrten \u00a0 \u00a0 Packliste f\u00fcr Lager Einverst\u00e4ndiserkl\u00e4rung\/Gesundheitsbogen 2024 05.04.2024 bis 07.04.2024\u00a0 \u00a0 \u00a0 (W\u00f6s ab 06.04) &#8222;Osterlager&#8220;\u00a0 in Dinslaken 17.05.2024 bis 21.05.2024\u00a0 \u00a0 \u00a0 Landespfingstlager mit Anschlussfahrt der Sippen 06.07.2024 bis 12.07.2024\u00a0 \u00a0 \u00a0 Stammessommerlager in Braunshausen 02.08.2024 [&hellip;]<\/p>\n","protected":false},"author":1,"featured_media":0,"parent":0,"menu_order":0,"comment_status":"closed","ping_status":"closed","template":"","meta":{"footnotes":""},"class_list":["post-1261","page","type-page","status-publish","hentry"],"_links":{"self":[{"href":"https:\/\/stamm-eisvogel-heljens.de\/index.php?rest_route=\/wp\/v2\/pages\/1261","targetHints":{"allow":["GET"]}}],"collection":[{"href":"https:\/\/stamm-eisvogel-heljens.de\/index.php?rest_route=\/wp\/v2\/pages"}],"about":[{"href":"https:\/\/stamm-eisvogel-heljens.de\/index.php?rest_route=\/wp\/v2\/types\/page"}],"author":[{"embeddable":true,"href":"https:\/\/stamm-eisvogel-heljens.de\/index.php?rest_route=\/wp\/v2\/users\/1"}],"replies":[{"embeddable":true,"href":"https:\/\/stamm-eisvogel-heljens.de\/index.php?rest_route=%2Fwp%2Fv2%2Fcomments&post=1261"}],"version-history":[{"count":5,"href":"https:\/\/stamm-eisvogel-heljens.de\/index.php?rest_route=\/wp\/v2\/pages\/1261\/revisions"}],"predecessor-version":[{"id":1282,"href":"https:\/\/stamm-eisvogel-heljens.de\/index.php?rest_route=\/wp\/v2\/pages\/1261\/revisions\/1282"}],"wp:attachment":[{"href":"https:\/\/stamm-eisvogel-heljens.de\/index.php?rest_route=%2Fwp%2Fv2%2Fmedia&parent=1261"}],"curies":[{"name":"wp","href":"https:\/\/api.w.org\/{rel}","templated":true}]}}