{"id":262,"date":"2018-05-23T15:02:01","date_gmt":"2018-05-23T15:02:01","guid":{"rendered":"http:\/\/stamm-eisvogel-heljens.de\/?page_id=262"},"modified":"2019-09-23T07:47:08","modified_gmt":"2019-09-23T07:47:08","slug":"datenschutzerklaerung","status":"publish","type":"page","link":"https:\/\/stamm-eisvogel-heljens.de\/?page_id=262","title":{"rendered":"Datenschutzerkl\u00e4rung"},"content":{"rendered":"<p>Verantwortliche Stelle im Sinne der Datenschutzgesetze, insbesondere der EU-Datenschutzgrundverordnung (DSGVO), ist:<\/p>\n<p>Silke Ringmayer<\/p>\n<h3>Wer wir sind<\/h3>\n<p>Die Adresse unserer Website ist: http:\/\/stamm-eisvogel-heljens.de.<\/p>\n<p>Wir sind der BdP Stamm Eisvogel Heljens e.V., Dammweg 26, 42579 Heiligenhaus.<\/p>\n<h3>Ihre Betroffenenrechte<\/h3>\n<p>Unter den angegebenen Kontaktdaten unseres Datenschutzbeauftragten k\u00f6nnen Sie jederzeit folgende Rechte aus\u00fcben:<\/p>\n<ul>\n<li>Auskunft \u00fcber Ihre bei uns gespeicherten Daten und deren Verarbeitung,<\/li>\n<li>Berichtigung unrichtiger personenbezogener Daten,<\/li>\n<li>L\u00f6schung Ihrer bei uns gespeicherten Daten,<\/li>\n<li>Einschr\u00e4nkung der Datenverarbeitung, sofern wir Ihre Daten aufgrund gesetzlicher Pflichten noch nicht l\u00f6schen d\u00fcrfen,<\/li>\n<li>Widerspruch gegen die Verarbeitung Ihrer Daten bei uns und<\/li>\n<li>Daten\u00fcbertragbarkeit, sofern Sie in die Datenverarbeitung eingewilligt haben oder einen Vertrag mit uns abgeschlossen haben.<\/li>\n<\/ul>\n<p>Sofern Sie uns eine Einwilligung erteilt haben, k\u00f6nnen Sie diese jederzeit mit Wirkung f\u00fcr die Zukunft widerrufen.<\/p>\n<p>Sie k\u00f6nnen sich jederzeit mit einer Beschwerde an die f\u00fcr Sie zust\u00e4ndige Aufsichtsbeh\u00f6rde wenden. Ihre zust\u00e4ndige Aufsichtsbeh\u00f6rde richtet sich nach dem Bundesland Ihres Wohnsitzes, Ihrer Arbeit oder der mutma\u00dflichen Verletzung. Eine Liste der Aufsichtsbeh\u00f6rden (f\u00fcr den nicht\u00f6ffentlichen Bereich) mit Anschrift finden Sie unter: <a href=\"https:\/\/www.bfdi.bund.de\/DE\/Infothek\/Anschriften_Links\/anschriften_links-node.html\" target=\"_blank\" rel=\"noopener noreferrer\">https:\/\/www.bfdi.bund.de\/DE\/Infothek\/Anschriften_Links\/anschriften_links-node.html<\/a>.<\/p>\n<h3>Zwecke der Datenverarbeitung durch die verantwortliche Stelle und Dritte<\/h3>\n<p>Wir verarbeiten Ihre personenbezogenen Daten nur zu den in dieser Datenschutzerkl\u00e4rung genannten Zwecken. Eine \u00dcbermittlung Ihrer pers\u00f6nlichen Daten an Dritte zu anderen als den genannten Zwecken findet nicht statt. Wir geben Ihre pers\u00f6nlichen Daten nur an Dritte weiter, wenn:<\/p>\n<ul>\n<li>Sie Ihre ausdr\u00fcckliche Einwilligung dazu erteilt haben,<\/li>\n<li>die Verarbeitung zur Abwicklung eines Vertrags mit Ihnen erforderlich ist,<\/li>\n<li>die Verarbeitung zur Erf\u00fcllung einer rechtlichen Verpflichtung erforderlich ist,<\/li>\n<\/ul>\n<p>die Verarbeitung zur Wahrung berechtigter Interessen erforderlich ist und kein Grund zur Annahme besteht, dass Sie ein \u00fcberwiegendes schutzw\u00fcrdiges Interesse an der Nichtweitergabe Ihrer Daten haben.<\/p>\n<div>F\u00fcr Veranstaltungsbuchungen gilt insbesondere:<\/div>\n<div><\/div>\n<div>Wir verwenden Google-Services, um Karten zu erstellen und bei der Suche nach Veranstaltungen nach Orten, die \u00fcber Ihren Browser Daten sammeln k\u00f6nnen, gem\u00e4\u00df den Datenschutzbestimmungen von Google automatisch zu vervollst\u00e4ndigen.<\/div>\n<div>\nWir erfassen und speichern Informationen, die Sie uns bei einer Buchung \u00fcbermitteln, um Ihre gew\u00fcnschten Pl\u00e4tze auf unserer Veranstaltung zu reservieren und eine Anwesenheitsliste zu f\u00fchren.<br \/>\nWir erfassen und speichern Informationen, die Sie uns \u00fcber Veranstaltungen (und entsprechende Orte) \u00fcbermitteln, die Sie auf unserer Website ver\u00f6ffentlichen m\u00f6chten.<\/div>\n<div>\nWir k\u00f6nnen Cookies verwenden, um vor\u00fcbergehend Informationen \u00fcber eine laufende Buchung sowie Fehler-\/Best\u00e4tigungsnachrichten zu speichern, w\u00e4hrend wir Ihre Veranstaltungen und Orte \u00fcbermitteln oder verwalten.<\/div>\n<div><\/div>\n<h3>L\u00f6schung bzw. Sperrung der Daten<\/h3>\n<p>Wir halten uns an die Grunds\u00e4tze der Datenvermeidung und Datensparsamkeit. Wir speichern Ihre personenbezogenen Daten daher nur so lange, wie dies zur Erreichung der hier genannten Zwecke erforderlich ist oder wie es die vom Gesetzgeber vorgesehenen vielf\u00e4ltigen Speicherfristen vorsehen. Nach Fortfall des jeweiligen Zweckes bzw. Ablauf dieser Fristen werden die entsprechenden Daten routinem\u00e4\u00dfig und sp\u00e4testens entsprechend den gesetzlichen Vorschriften gesperrt oder gel\u00f6scht.<\/p>\n<h3><strong>\u00c4nderung unserer Datenschutzbestimmungen<\/strong><\/h3>\n<p>Wir behalten uns vor, diese Datenschutzerkl\u00e4rung anzupassen, damit sie stets den aktuellen rechtlichen Anforderungen entspricht oder um \u00c4nderungen unserer Leistungen in der Datenschutzerkl\u00e4rung umzusetzen, z.B. bei der Einf\u00fchrung neuer Services. F\u00fcr Ihren erneuten Besuch gilt dann die neue Datenschutzerkl\u00e4rung.<\/p>\n<h3><strong>Fragen an den Datenschutzbeauftragten<\/strong><\/h3>\n<p>Wenn Sie Fragen zum Datenschutz haben, schreiben Sie uns bitte eine E-Mail oder wenden Sie sich direkt an die f\u00fcr den Datenschutz verantwortliche Person in unserer Organisation:<\/p>\n<p><em>Silke Ringmayer<br \/>\nDie Datenschutzerkl\u00e4rung wurde mit dem <\/em><a href=\"https:\/\/www.activemind.de\/datenschutz\/datenschutzhinweis-generator\/\" target=\"_blank\" rel=\"noopener noreferrer\"><em>Datenschutzerkl\u00e4rungs-Generator der activeMind AG erstellt<\/em><\/a><em>.<\/em><\/p>\n","protected":false},"excerpt":{"rendered":"<p>Verantwortliche Stelle im Sinne der Datenschutzgesetze, insbesondere der EU-Datenschutzgrundverordnung (DSGVO), ist: Silke Ringmayer Wer wir sind Die Adresse unserer Website ist: http:\/\/stamm-eisvogel-heljens.de. Wir sind der BdP Stamm Eisvogel Heljens e.V., Dammweg 26, 42579 Heiligenhaus. Ihre Betroffenenrechte Unter den angegebenen Kontaktdaten unseres Datenschutzbeauftragten k\u00f6nnen Sie jederzeit folgende Rechte aus\u00fcben: Auskunft \u00fcber Ihre bei uns gespeicherten Daten [&hellip;]<\/p>\n","protected":false},"author":1,"featured_media":0,"parent":0,"menu_order":0,"comment_status":"closed","ping_status":"closed","template":"","meta":{"footnotes":""},"class_list":["post-262","page","type-page","status-publish","hentry"],"_links":{"self":[{"href":"https:\/\/stamm-eisvogel-heljens.de\/index.php?rest_route=\/wp\/v2\/pages\/262","targetHints":{"allow":["GET"]}}],"collection":[{"href":"https:\/\/stamm-eisvogel-heljens.de\/index.php?rest_route=\/wp\/v2\/pages"}],"about":[{"href":"https:\/\/stamm-eisvogel-heljens.de\/index.php?rest_route=\/wp\/v2\/types\/page"}],"author":[{"embeddable":true,"href":"https:\/\/stamm-eisvogel-heljens.de\/index.php?rest_route=\/wp\/v2\/users\/1"}],"replies":[{"embeddable":true,"href":"https:\/\/stamm-eisvogel-heljens.de\/index.php?rest_route=%2Fwp%2Fv2%2Fcomments&post=262"}],"version-history":[{"count":4,"href":"https:\/\/stamm-eisvogel-heljens.de\/index.php?rest_route=\/wp\/v2\/pages\/262\/revisions"}],"predecessor-version":[{"id":444,"href":"https:\/\/stamm-eisvogel-heljens.de\/index.php?rest_route=\/wp\/v2\/pages\/262\/revisions\/444"}],"wp:attachment":[{"href":"https:\/\/stamm-eisvogel-heljens.de\/index.php?rest_route=%2Fwp%2Fv2%2Fmedia&parent=262"}],"curies":[{"name":"wp","href":"https:\/\/api.w.org\/{rel}","templated":true}]}}