{"id":35,"date":"2017-02-13T16:49:53","date_gmt":"2017-02-13T16:49:53","guid":{"rendered":"http:\/\/stamm-eisvogel-heljens.de\/?page_id=35"},"modified":"2023-12-24T08:04:18","modified_gmt":"2023-12-24T08:04:18","slug":"impressum","status":"publish","type":"page","link":"https:\/\/stamm-eisvogel-heljens.de\/?page_id=35","title":{"rendered":"Impressum"},"content":{"rendered":"<h3>Impressum<\/h3>\n<p><strong>Stamm Eisvogel Heljens e.V.<\/strong><\/p>\n<p>im Bund der Pfadfinderinnen und Pfadfinder (BdP Landesverband NRW e.V.)<\/p>\n<p>Dammweg 26<\/p>\n<p>42579 Heiligenhaus<\/p>\n<p>Vertretungsberechtigter Vorstand:<\/p>\n<p>Torben Schatz (Stammesf\u00fchrer)<br \/>\nStephan Ringmayer (Pfau\/ Schatzmeister)<\/p>\n<p>mit den Wahlen vom: 14.Oktober 2023<\/p>\n<p>Mail: pfau<a><span style=\"color: #000000;\">@stamm-eisvogel-heljens.de<\/span><\/a><\/p>\n<p>*Zuschriften bitte an unten stehende Adresse<\/p>\n<h3>Angaben gem\u00e4\u00df \u00a76 MdStV \/ TDG<\/h3>\n<p>Verantwortlich f\u00fcr den Inhalt von<\/p>\n<p>www.die-pfadfinder-heiligenhaus.de<\/p>\n<p>www.pfadfinden-heiligenhaus.de<\/p>\n<p>www.stamm-eisvogel-heljens.de<\/p>\n<p>www.stamm-eisvogel-heljens.info<\/p>\n<p>www.eisvogel-heljens.de:<\/p>\n<p>Stephan Ringmayer (Pfau)<\/p>\n<p>Dammweg 26<\/p>\n<p>42579 Heiligenhaus<\/p>\n<p>Tel.: +49(0) 20 56 \/\u00a058 24 40<br \/>\nTel.: +49(0) 1 77 \/ 6907829<br \/>\nMail: pfau<a><span style=\"color: #000000;\">@stamm-eisvogel-heljens.de<\/span><\/a><\/p>\n<p><strong>Abschnitt 1 Copyright:<\/strong><br \/>\n(1) Alle Rechte f\u00fcr den gesamten Inhalt einschlie\u00dflich von uns erstellten Bilddateien, ausschlie\u00dflich Elementen, f\u00fcr die das Copyright bei Dritten liegt, vorbehalten.<\/p>\n<div id=\"FormsMultiLine2LYR\">\n<p>(2) Das Ver\u00f6ffentlichen von Inhalten dieser Webpage ist nur nach vorheriger\u00a0Genehmigung und unter Angabe der Quelle (www.eisvogel-heljens.de) gestattet.<\/p>\n<p>(3) Eine Ver\u00f6ffentlichung unter einem anderen als unserem Namen oder eine Ver\u00f6ffentlichung nach vorheriger Ab\u00e4nderung der Inhalte dieser Seite ist nicht gestattet.<\/p>\n<p>(4) Links, die zu dieser Homepage f\u00fchren, bed\u00fcrfen ausschlie\u00dflich der Genehmigung durch www.eisvogel-heljens.de.<\/p>\n<p><strong>Abschnitt 2 Haftungsausschluss:<\/strong><br \/>\n(1) Alle auf dieser Webpage ver\u00f6ffentlichten Informationen sind ohne Gew\u00e4hr.<\/p>\n<p>(2) Der Autor von\u00a0www.eisvogel-heljens.de \u00fcbernimmt keine Haftung f\u00fcr evtl. durch die Verwendung der Informationen entstandene Sch\u00e4den oder Verluste.<\/p>\n<p>(3) Gesetzliche Anspr\u00fcche bleiben unber\u00fchrt.<\/p>\n<p><strong>Abschnitt 3 Links:<\/strong><br \/>\n(1) Links sind Informationen Dritter, auf die der Autor von www.eisvogel-heljens.de keinen Einfluss hat. Durch einen Klick auf einen Link verlassen sie die Seiten www.eisvogel-heljens.de<\/p>\n<p>(2) Die per Link verf\u00fcgbaren Inhalte wurden vor Aufnahme in das Linkverzeichnis auf Rechtm\u00e4\u00dfigkeit gepr\u00fcft, da es sich jedoch um dynamische Verweisungen handelt, ist dem Autor von\u00a0www.eisvogel-heljens.de eine laufende \u00dcberpr\u00fcfung nicht m\u00f6glich.<\/p>\n<p>(3) Sollte der Autor von www.eisvogel-heljens.de von rechtswidrigen Inhalten auf den per Link verf\u00fcgbaren Seiten erfahren, werden die betreffenden Links umgehend gesperrt.<\/p>\n<p>(4) Der Autor von www.eisvogel-heljens.de lehnt jede Verantwortung f\u00fcr per Link verf\u00fcgbare Inhalte ab (vgl. \u00a75 TDG).<\/p>\n<p>(5) Der Autor von www.eisvogel-heljens.de distanziert sich im Allgemeinen ausdr\u00fccklich von den Inhalten der verlinkten Seiten.<\/p>\n<p><strong>Abschnitt 4 Sonstiges:<\/strong><br \/>\n(1) Zuwiderhandlungen gegen die Nutzungsbedingungen von\u00a0www.eisvogel-heljens.de werden unter Aussch\u00f6pfung des Rechtsweges verfolgt!<\/p>\n<p>(2) Sollte ein Teil der Nutzungsbedingungen von\u00a0www.eisvogel-heljens.de ung\u00fcltig werden, so bleibt der Rest weiterhin g\u00fcltig.<\/p>\n<p>(3) Gerichtstand ist Heiligenhaus<\/p>\n<\/div>\n","protected":false},"excerpt":{"rendered":"<p>Impressum Stamm Eisvogel Heljens e.V. im Bund der Pfadfinderinnen und Pfadfinder (BdP Landesverband NRW e.V.) Dammweg 26 42579 Heiligenhaus Vertretungsberechtigter Vorstand: Torben Schatz (Stammesf\u00fchrer) Stephan Ringmayer (Pfau\/ Schatzmeister) mit den Wahlen vom: 14.Oktober 2023 Mail: pfau@stamm-eisvogel-heljens.de *Zuschriften bitte an unten stehende Adresse Angaben gem\u00e4\u00df \u00a76 MdStV \/ TDG Verantwortlich f\u00fcr den Inhalt von www.die-pfadfinder-heiligenhaus.de www.pfadfinden-heiligenhaus.de [&hellip;]<\/p>\n","protected":false},"author":1,"featured_media":0,"parent":0,"menu_order":0,"comment_status":"closed","ping_status":"closed","template":"","meta":{"footnotes":""},"class_list":["post-35","page","type-page","status-publish","hentry"],"_links":{"self":[{"href":"https:\/\/stamm-eisvogel-heljens.de\/index.php?rest_route=\/wp\/v2\/pages\/35","targetHints":{"allow":["GET"]}}],"collection":[{"href":"https:\/\/stamm-eisvogel-heljens.de\/index.php?rest_route=\/wp\/v2\/pages"}],"about":[{"href":"https:\/\/stamm-eisvogel-heljens.de\/index.php?rest_route=\/wp\/v2\/types\/page"}],"author":[{"embeddable":true,"href":"https:\/\/stamm-eisvogel-heljens.de\/index.php?rest_route=\/wp\/v2\/users\/1"}],"replies":[{"embeddable":true,"href":"https:\/\/stamm-eisvogel-heljens.de\/index.php?rest_route=%2Fwp%2Fv2%2Fcomments&post=35"}],"version-history":[{"count":14,"href":"https:\/\/stamm-eisvogel-heljens.de\/index.php?rest_route=\/wp\/v2\/pages\/35\/revisions"}],"predecessor-version":[{"id":1260,"href":"https:\/\/stamm-eisvogel-heljens.de\/index.php?rest_route=\/wp\/v2\/pages\/35\/revisions\/1260"}],"wp:attachment":[{"href":"https:\/\/stamm-eisvogel-heljens.de\/index.php?rest_route=%2Fwp%2Fv2%2Fmedia&parent=35"}],"curies":[{"name":"wp","href":"https:\/\/api.w.org\/{rel}","templated":true}]}}